{"id":706,"date":"2013-01-18T21:38:24","date_gmt":"2013-01-18T20:38:24","guid":{"rendered":"https:\/\/www.createur-video-entreprise.com\/?page_id=706"},"modified":"2021-12-21T01:43:55","modified_gmt":"2021-12-21T00:43:55","slug":"creation-de-video-de-sport","status":"publish","type":"page","link":"https:\/\/www.createur-video-entreprise.com\/index.php\/creation-de-video-de-sport\/","title":{"rendered":"Cr\u00e9ation de vid\u00e9o de sports"},"content":{"rendered":"<h1><span style=\"color: #ff9900;\">Cr\u00e9ation de vid\u00e9o de sport<\/span><\/h1>\n<h4><img class=\"alignnone size-full wp-image-6099\" src=\"https:\/\/www.createur-video-entreprise.com\/wp-content\/uploads\/2013\/01\/viniette-sport.jpg\" alt=\"viniette-sport\" width=\"679\" height=\"361\" srcset=\"https:\/\/www.createur-video-entreprise.com\/wp-content\/uploads\/2013\/01\/viniette-sport.jpg 679w, https:\/\/www.createur-video-entreprise.com\/wp-content\/uploads\/2013\/01\/viniette-sport-300x159.jpg 300w\" sizes=\"(max-width: 679px) 100vw, 679px\" \/><\/h4>\n<h4><\/h4>\n<h4><\/h4>\n<h4><\/h4>\n<h4><\/h4>\n<h4><\/h4>\n<h4 style=\"text-align: justify;\"><span style=\"color: #888888;\">VIBESlab est sp\u00e9cialis\u00e9 dans la cr\u00e9ation de vid\u00e9o de vid\u00e9o de sport ; surf, Kitesurf, bodyboard, windsurf, stand up paddle, wakeboard, snowboard et ski, lifestyle, paysage panoramique, aquatique, a\u00e9rien. Production de films ou des documentaires de sports de glisse en milieu marin ou haute montagne.<\/span><\/h4>\n<p><img class=\"alignnone wp-image-6097 size-full\" src=\"https:\/\/www.createur-video-entreprise.com\/wp-content\/uploads\/2013\/01\/sportswatch-free4style-6.jpg\" alt=\"_sportswatch-free4style-6\" width=\"679\" height=\"323\" srcset=\"https:\/\/www.createur-video-entreprise.com\/wp-content\/uploads\/2013\/01\/sportswatch-free4style-6.jpg 679w, https:\/\/www.createur-video-entreprise.com\/wp-content\/uploads\/2013\/01\/sportswatch-free4style-6-300x142.jpg 300w, https:\/\/www.createur-video-entreprise.com\/wp-content\/uploads\/2013\/01\/sportswatch-free4style-6-420x200.jpg 420w\" sizes=\"(max-width: 679px) 100vw, 679px\" \/><\/p>\n<h1><span style=\"color: #ff9900;\">Production\u00a0<span style=\"color: #ffffff;\">de<\/span> vid\u00e9o <span style=\"color: #ffffff;\">de sport<\/span><\/span><\/h1>\n<h4>VIBESlab est en mesure de r\u00e9pondre \u00e0 tous vos projets avec une touche innovante. Nous utilisons des drones et un paramoteur.<\/h4>\n<p>&nbsp;<\/p>\n<h3><img class=\"alignleft  wp-image-728\" title=\"drone-image-aerienne\" src=\"https:\/\/www.createur-video-entreprise.com\/wp-content\/uploads\/2013\/01\/drone-image-aerienne1.jpg\" alt=\"\" width=\"98\" height=\"65\" srcset=\"https:\/\/www.createur-video-entreprise.com\/wp-content\/uploads\/2013\/01\/drone-image-aerienne1.jpg 400w, https:\/\/www.createur-video-entreprise.com\/wp-content\/uploads\/2013\/01\/drone-image-aerienne1-300x199.jpg 300w\" sizes=\"(max-width: 98px) 100vw, 98px\" \/><span style=\"color: #ff9900;\">Le Drone <span style=\"color: #ffffff;\">ou multicopter<\/span><\/span><\/h3>\n<p style=\"text-align: justify;\">Le <a title=\"Drone pour prise de vues a\u00e9riennes \" href=\"https:\/\/www.createur-video-entreprise.com\/index.php\/prise-de-vue-aerienne-par-drone\/\">drone<\/a> est un engin t\u00e9l\u00e9guid\u00e9 qui permet de\u00a0 transporter une <a href=\"https:\/\/www.createur-video-entreprise.com\/index.php\/camera\/rc-car-camera\/\">cam\u00e9ra<\/a> stabilis\u00e9e. L\u2019avantage est qu\u2019il peut voler tr\u00e8s bas. Nos multicopters sont \u00e9quip\u00e9s de retour vid\u00e9o qui permet au cadreur et au pilote de se caler sur un sujet. La puissance des moteurs permet d&#8217;embarquer un cam\u00e9ra <a href=\"https:\/\/www.createur-video-entreprise.com\/index.php\/camera\/gopro-3-gopro-3-black-edition\/\">GoPro<\/a>, Canon 5D et 7D, etc&#8230;<\/p>\n<p>&nbsp;<\/p>\n<h5><\/h5>\n<h3><span style=\"color: #ff9900;\"><span style=\"color: #ff9900;\"><img class=\"alignleft  wp-image-730\" title=\"7442265-vol-parapente\" src=\"https:\/\/www.createur-video-entreprise.com\/wp-content\/uploads\/2013\/01\/7442265-vol-parapente.jpg\" alt=\"\" width=\"96\" height=\"96\" srcset=\"https:\/\/www.createur-video-entreprise.com\/wp-content\/uploads\/2013\/01\/7442265-vol-parapente.jpg 1200w, https:\/\/www.createur-video-entreprise.com\/wp-content\/uploads\/2013\/01\/7442265-vol-parapente-150x150.jpg 150w, https:\/\/www.createur-video-entreprise.com\/wp-content\/uploads\/2013\/01\/7442265-vol-parapente-300x300.jpg 300w, https:\/\/www.createur-video-entreprise.com\/wp-content\/uploads\/2013\/01\/7442265-vol-parapente-1024x1024.jpg 1024w, https:\/\/www.createur-video-entreprise.com\/wp-content\/uploads\/2013\/01\/7442265-vol-parapente-75x75.jpg 75w\" sizes=\"(max-width: 96px) 100vw, 96px\" \/><\/span>Prise d&rsquo;image avec un <span style=\"color: #ffffff;\">pilote<\/span> de <span style=\"color: #ffffff;\">paramoteur<\/span><\/span><\/h3>\n<p style=\"text-align: justify;\">L\u2019id\u00e9e est la m\u00eame que pour toutes les autres techniques, se caler au plus proche de l&rsquo;action et surtout avoir des angles de vues impossible autrement\u00a0! Le paramoteur permet d&#8217;embarquer de plus grosses cam\u00e9ra et peut r\u00e9aliser de plus long vols qu&rsquo;un <a href=\"https:\/\/www.createur-video-entreprise.com\/index.php\/making-of\/making-tournages-drone\/\">drone<\/a>.<\/p>\n<h1><span style=\"color: #888888;\"><br \/>\nFilm de surf, moto freestyle (FMX) vid\u00e9o de ski &amp; snowboard<\/span><\/h1>\n<h4 style=\"text-align: justify;\"><strong>CR\u00c9ATION VIDEO DE SPORT, FILM\u00a0DE SURF, CREATEURS DE FILMS, FILM DE SNOW,\u00a0 FILM \u00c9V\u00c9NEMENTIEL, PRODUCTION AUDIOVISUELLE, FLYBOARD VIDEO, DOCUMENTAIRE , VIDEO DE SKI, CREATEURS DE FILMS MOTOCROSS,\u00a0 VIDEO FMX, VIDEO BODYBOARD,\u00a0<a title=\"nous contacter\" href=\"https:\/\/www.createur-video-entreprise.com\/?page_id=153\">VIBESlab production<\/a><\/strong><\/h4>\n","protected":false},"excerpt":{"rendered":"<p>Cr\u00e9ation de vid\u00e9o de sport VIBESlab est sp\u00e9cialis\u00e9 dans la cr\u00e9ation de vid\u00e9o de vid\u00e9o de sport ; surf, Kitesurf,&#8230;<\/p>\n","protected":false},"author":1,"featured_media":0,"parent":0,"menu_order":0,"comment_status":"closed","ping_status":"closed","template":"","meta":{"footnotes":""},"class_list":["post-706","page","type-page","status-publish"],"_links":{"self":[{"href":"https:\/\/www.createur-video-entreprise.com\/index.php\/wp-json\/wp\/v2\/pages\/706","targetHints":{"allow":["GET"]}}],"collection":[{"href":"https:\/\/www.createur-video-entreprise.com\/index.php\/wp-json\/wp\/v2\/pages"}],"about":[{"href":"https:\/\/www.createur-video-entreprise.com\/index.php\/wp-json\/wp\/v2\/types\/page"}],"author":[{"embeddable":true,"href":"https:\/\/www.createur-video-entreprise.com\/index.php\/wp-json\/wp\/v2\/users\/1"}],"replies":[{"embeddable":true,"href":"https:\/\/www.createur-video-entreprise.com\/index.php\/wp-json\/wp\/v2\/comments?post=706"}],"version-history":[{"count":0,"href":"https:\/\/www.createur-video-entreprise.com\/index.php\/wp-json\/wp\/v2\/pages\/706\/revisions"}],"wp:attachment":[{"href":"https:\/\/www.createur-video-entreprise.com\/index.php\/wp-json\/wp\/v2\/media?parent=706"}],"curies":[{"name":"wp","href":"https:\/\/api.w.org\/{rel}","templated":true}]}}