{"id":7277,"date":"2020-11-05T22:51:53","date_gmt":"2020-11-05T21:51:53","guid":{"rendered":"https:\/\/www.createur-video-entreprise.com\/?page_id=7277"},"modified":"2021-12-21T01:43:15","modified_gmt":"2021-12-21T00:43:15","slug":"video-pour-salon-et-exposition","status":"publish","type":"page","link":"https:\/\/www.createur-video-entreprise.com\/index.php\/video-pour-salon-et-exposition\/","title":{"rendered":"Motion design"},"content":{"rendered":"<div class=\"wpb-content-wrapper\"><p>[vc_row full_width=\u00a0\u00bbstretch_row_content\u00a0\u00bb equal_height=\u00a0\u00bbyes\u00a0\u00bb css=\u00a0\u00bb.vc_custom_1466595024471{margin-bottom: 0px !important;padding-bottom: 0px !important;}\u00a0\u00bb][vc_column css=\u00a0\u00bb.vc_custom_1604831434065{background-image: url(https:\/\/www.createur-video-entreprise.com\/wp-content\/uploads\/2020\/11\/creation-video-pour-entreprises.jpg?id=7096) !important;background-position: center !important;background-repeat: no-repeat !important;background-size: cover !important;}\u00a0\u00bb offset=\u00a0\u00bbvc_col-lg-6 vc_col-md-6&Prime;][vc_row_inner equal_height=\u00a0\u00bbyes\u00a0\u00bb][vc_column_inner offset=\u00a0\u00bbvc_col-lg-offset-1 vc_col-lg-7 vc_col-md-offset-0 vc_col-sm-offset-0&Prime;]<div class=\"clearboth\"><\/div><style>#thegem-divider-69f52808a56fc {margin-top: 85px !important;}<\/style><div id=\"thegem-divider-69f52808a56fc\" class=\"gem-divider  \" style=\"\" ><\/div>[vc_column_text css_animation=\u00a0\u00bbleft-to-right\u00a0\u00bb]<\/p>\n<h1 class=\"title-h1\"><span style=\"color: #22242d;\">Motion design<br \/>\n<\/span><\/h1>\n<p>[\/vc_column_text]<div class=\"clearboth\"><\/div><style>#thegem-divider-69f52808a5759 {margin-top: -20px !important;}<\/style><div id=\"thegem-divider-69f52808a5759\" class=\"gem-divider  \" style=\"\" ><\/div>[vc_column_text css_animation=\u00a0\u00bbleft-to-right\u00a0\u00bb]<\/p>\n<h2 class=\"title-h2\"><span style=\"color: #00bcd4;\">contenus vid\u00e9os<\/span><\/h2>\n<p>[\/vc_column_text]<div class=\"clearboth\"><\/div><style>#thegem-divider-69f52808a5779 {margin-top: -5px !important;}<\/style><div id=\"thegem-divider-69f52808a5779\" class=\"gem-divider  \" style=\"\" ><\/div>[\/vc_column_inner][\/vc_row_inner][vc_row_inner][vc_column_inner offset=\u00a0\u00bbvc_col-lg-offset-2 vc_col-lg-8 vc_col-md-offset-0 vc_col-md-12 vc_col-sm-offset-0&Prime;][vc_column_text css_animation=\u00a0\u00bbfade\u00a0\u00bb]<\/p>\n<div class=\"title-h5\"><span class=\"light\">Vid\u00e9o pour showroom<br \/>\n<\/span><\/div>\n<p>[\/vc_column_text]<div class=\"clearboth\"><\/div><style>#thegem-divider-69f52808a57a5 {margin-top: 22px !important;}<\/style><div id=\"thegem-divider-69f52808a57a5\" class=\"gem-divider  \" style=\"\" ><\/div>[vc_column_text css_animation=\u00a0\u00bbfade\u00a0\u00bb]<em>Vous d\u00e9sirez attirer l&rsquo;attention des visiteurs dans un salon ou une exposition ? Vous d\u00e9sirez \u00e9quiper vos veneurs d&rsquo;un support vid\u00e9o pour leur smartphone, Ipad, La vid\u00e9o est l&rsquo;outil qu&rsquo;il vous faut.. Nous vous accompagneront dans votre strat\u00e9gie de contenus vid\u00e9os sur tous vos salons.<br \/>\n<\/em><\/p>\n<p><strong><em>\u00a0<\/em><\/strong>[\/vc_column_text]<div class=\"clearboth\"><\/div><style>#thegem-divider-69f52808a57cf {margin-top: 40px !important;}<\/style><div id=\"thegem-divider-69f52808a57cf\" class=\"gem-divider  \" style=\"\" ><\/div>[\/vc_column_inner][\/vc_row_inner][\/vc_column][vc_column offset=\u00a0\u00bbvc_col-lg-6 vc_col-md-6&Prime;][vc_row_inner equal_height=\u00a0\u00bbyes\u00a0\u00bb css=\u00a0\u00bb.vc_custom_1466594871848{margin-top: 0px !important;padding-top: 0px !important;background-color: #1e1e1e !important;}\u00a0\u00bb][vc_column_inner el_class=\u00a0\u00bbcustom-bg-position\u00a0\u00bb css=\u00a0\u00bb.vc_custom_1605706784510{margin-top: 0px !important;margin-bottom: 0px !important;padding-top: 300px !important;padding-bottom: 300px !important;background-image: url(https:\/\/www.createur-video-entreprise.com\/wp-content\/uploads\/2020\/02\/blocks-image-77.jpg?id=947) !important;background-position: center !important;background-repeat: no-repeat !important;background-size: cover !important;}\u00a0\u00bb offset=\u00a0\u00bbvc_col-lg-6 vc_col-md-6&Prime;][\/vc_column_inner][vc_column_inner disable_custom_paddings_tablet=\u00a0\u00bbtrue\u00a0\u00bb disable_custom_paddings_mobile=\u00a0\u00bbtrue\u00a0\u00bb css=\u00a0\u00bb.vc_custom_1543592462372{padding-left: 50px !important;background-color: #1e1e1e !important;}\u00a0\u00bb offset=\u00a0\u00bbvc_col-lg-6 vc_col-md-6&Prime;]<div class=\"clearboth\"><\/div><style>#thegem-divider-69f52808a57f3 {margin-top: 63px !important;}<\/style><div id=\"thegem-divider-69f52808a57f3\" class=\"gem-divider  \" style=\"\" ><\/div>[vc_column_text css_animation=\u00a0\u00bbright-to-left\u00a0\u00bb el_class=\u00a0\u00bbno-margin\u00a0\u00bb]<\/p>\n<div class=\"title-h3\"><span style=\"color: #ffffff;\">Vid\u00e9os<\/span><br \/>\n<span style=\"color: #00bcd4;\">2D et 3d <\/span><\/div>\n<p>[\/vc_column_text]<div class=\"clearboth\"><\/div><style>#thegem-divider-69f52808a5813 {margin-top: 20px !important;}<\/style><div id=\"thegem-divider-69f52808a5813\" class=\"gem-divider  \" style=\"\" ><\/div>[vc_column_text css_animation=\u00a0\u00bbfade\u00a0\u00bb]<\/p>\n<div class=\"title-h6\"><span class=\"light\" style=\"color: #04a7bb;\">VIBESlab production<br \/>\n<\/span><\/div>\n<p>[\/vc_column_text]<div class=\"clearboth\"><\/div><style>#thegem-divider-69f52808a5832 {margin-top: -5px !important;}<\/style><div id=\"thegem-divider-69f52808a5832\" class=\"gem-divider  \" style=\"\" ><\/div>[vc_column_text css_animation=\u00a0\u00bbfade\u00a0\u00bb]Une pr\u00e9sentation vid\u00e9o peut\u00a0faciliter le travail de vos repr\u00e9sentants, se diffuser lors d&rsquo;un salon ou montr\u00e9 lors d&rsquo;un repas d&rsquo;affaire, nous proposons plusieurs formats qui s&rsquo;adapte sur les t\u00e9l\u00e9phones et Ipad ou sur une cl\u00e9 usb.<\/p>\n<p><span style=\"color: #adafb8;\">\u00a0<\/span>[\/vc_column_text]<div class=\"clearboth\"><\/div><style>#thegem-divider-69f52808a584d {margin-top: 5px !important;}<\/style><div id=\"thegem-divider-69f52808a584d\" class=\"gem-divider  \" style=\"\" ><\/div><style type=\"text\/css\">.thegem-button-69f52808a59a39573 .gem-button svg {fill: #ffffff;}.thegem-button-69f52808a59a39573 .gem-button:hover svg {fill: #00bcd4;}<\/style><div class=\"gem-button-container gem-button-position-inline thegem-button-69f52808a59a39573    \"  ><a class=\"gem-button gem-button-size-tiny gem-button-style-flat gem-button-text-weight-normal\" data-ll-effect=\"drop-right-without-wrap\" style=\"border-radius: 0px;background-color: #00bcd4;color: #ffffff;\" onmouseleave=\"this.style.backgroundColor='#00bcd4';this.style.color='#ffffff';\" onmouseenter=\"this.style.backgroundColor='#ffffff';this.style.color='#00bcd4';\" href=\"https:\/\/www.createur-video-entreprise.com\/index.php\/societe-de-production-audiovisuelle\/\" target=\"_self\">Nous contacter<\/a><\/div> <div class=\"clearboth\"><\/div><style>#thegem-divider-69f52808a59ec {margin-top: 158px !important;}<\/style><div id=\"thegem-divider-69f52808a59ec\" class=\"gem-divider  \" style=\"\" ><\/div>[\/vc_column_inner][\/vc_row_inner][\/vc_column][\/vc_row][vc_row full_width=\u00a0\u00bbstretch_row_content\u00a0\u00bb equal_height=\u00a0\u00bbyes\u00a0\u00bb css=\u00a0\u00bb.vc_custom_1466075900534{margin-bottom: 0px !important;padding-bottom: 0px !important;}\u00a0\u00bb][vc_column offset=\u00a0\u00bbvc_col-lg-6 vc_col-md-6&Prime;][vc_row_inner equal_height=\u00a0\u00bbyes\u00a0\u00bb][vc_column_inner el_class=\u00a0\u00bbbig-z-index\u00a0\u00bb disable_custom_paddings_tablet=\u00a0\u00bbtrue\u00a0\u00bb disable_custom_paddings_mobile=\u00a0\u00bbtrue\u00a0\u00bb css=\u00a0\u00bb.vc_custom_1543591566463{padding-right: 50px !important;background-color: #1e1e1e !important;}\u00a0\u00bb offset=\u00a0\u00bbvc_col-lg-6 vc_col-md-6&Prime;]<div class=\"clearboth\"><\/div><style>#thegem-divider-69f52808a5a08 {margin-top: 62px !important;}<\/style><div id=\"thegem-divider-69f52808a5a08\" class=\"gem-divider  \" style=\"\" ><\/div>[vc_column_text css_animation=\u00a0\u00bbleft-to-right\u00a0\u00bb el_class=\u00a0\u00bbz-index no-margin\u00a0\u00bb]<\/p>\n<div class=\"title-h2\" style=\"text-align: right;\"><span style=\"color: #ffffff;\">Animation <\/span><br \/>\n<span style=\"color: #ffffff;\"> <span style=\"color: #00bcd4;\">2D &amp; 3D<\/span><\/span><\/div>\n<p>[\/vc_column_text]<div class=\"clearboth\"><\/div><style>#thegem-divider-69f52808a5a1d {margin-top: 20px !important;}<\/style><div id=\"thegem-divider-69f52808a5a1d\" class=\"gem-divider  \" style=\"\" ><\/div>[vc_column_text css_animation=\u00a0\u00bbfade\u00a0\u00bb]<\/p>\n<div class=\"title-h6\" style=\"text-align: right;\"><span class=\"light\" style=\"color: #04a7bb;\">R\u00c9ALISATION DE FILM PROFESSIONNEL AVEC VOS PHOTOS ET FILM AMATEUR<br \/>\n<\/span><\/div>\n<p>[\/vc_column_text][vc_column_text css_animation=\u00a0\u00bbfade\u00a0\u00bb]Nous proposons une solution vid\u00e9o tr\u00e8s \u00e9conomique, il suffit juste de nous envoyer vos photos que vous pouvez r\u00e9aliser avec votre t\u00e9l\u00e9phone portable et nous vous r\u00e9aliseront une vid\u00e9o professionnel.[\/vc_column_text]<div class=\"clearboth\"><\/div><style>#thegem-divider-69f52808a5a30 {margin-top: 40px !important;}<\/style><div id=\"thegem-divider-69f52808a5a30\" class=\"gem-divider  \" style=\"\" ><\/div><style type=\"text\/css\">.thegem-button-69f52808a5abf8283.lazy-loading-before-start-animation .lazy-loading-item {opacity: 0;} body.thegem-effects-disabled .thegem-button-69f52808a5abf8283.lazy-loading-before-start-animation .lazy-loading-item {opacity: 1;}<\/style><style type=\"text\/css\">.thegem-button-69f52808a5abf8283 .gem-button svg {fill: #ffffff;}.thegem-button-69f52808a5abf8283 .gem-button:hover svg {fill: #00bcd4;}<\/style><div class=\"gem-button-container gem-button-position-right thegem-button-69f52808a5abf8283     lazy-loading lazy-loading-before-start-animation\"  ><a title=\"film pour entreprise\" class=\"gem-button gem-button-size-tiny gem-button-style-flat gem-button-text-weight-normal lazy-loading-item\" data-ll-effect=\"drop-right-without-wrap\" style=\"border-radius: 0px;background-color: #00bcd4;color: #ffffff;\" onmouseleave=\"this.style.backgroundColor='#00bcd4';this.style.color='#ffffff';\" onmouseenter=\"this.style.backgroundColor='#ffffff';this.style.color='#00bcd4';\" href=\"https:\/\/www.createur-video-entreprise.com\/index.php\/film-pour-entreprise\/\" target=\"_self\">Film pour entreprises<\/a><\/div> <div class=\"clearboth\"><\/div><style>#thegem-divider-69f52808a5af4 {margin-top: 154px !important;}<\/style><div id=\"thegem-divider-69f52808a5af4\" class=\"gem-divider  \" style=\"\" ><\/div>[\/vc_column_inner][vc_column_inner el_class=\u00a0\u00bbcustom-bg-position\u00a0\u00bb css=\u00a0\u00bb.vc_custom_1604614280921{margin-top: 0px !important;margin-bottom: 0px !important;padding-top: 300px !important;padding-bottom: 300px !important;background-image: url(https:\/\/www.createur-video-entreprise.com\/wp-content\/uploads\/2020\/02\/blocks-image-144.jpg?id=1052) !important;background-position: center !important;background-repeat: no-repeat !important;background-size: cover !important;}\u00a0\u00bb offset=\u00a0\u00bbvc_col-lg-6 vc_col-md-6&Prime;][\/vc_column_inner][\/vc_row_inner][\/vc_column][vc_column video_bg=\u00a0\u00bbyes\u00a0\u00bb video_bg_url=\u00a0\u00bbhttps:\/\/www.youtube.com\/watch?v=6N0B-NUaRXs&amp;feature=youtu.be\u00a0\u00bb css=\u00a0\u00bb.vc_custom_1604831455848{background-position: center !important;background-repeat: no-repeat !important;background-size: cover !important;}\u00a0\u00bb offset=\u00a0\u00bbvc_col-lg-6 vc_col-md-6&Prime;]<div class=\"clearboth\"><\/div><style>#thegem-divider-69f52808a5b0d {margin-top: 126px !important;}<\/style><div id=\"thegem-divider-69f52808a5b0d\" class=\"gem-divider  \" style=\"\" ><\/div>[vc_row_inner][vc_column_inner]<div data-number-format=\"(ddd).ddd\" class=\"gem-counter-box row inline-row inline-row-center gem-counter-style-1 lazy-loading lazy-loading-not-hide\" ><\/div>[\/vc_column_inner][\/vc_row_inner][\/vc_column][\/vc_row][vc_row css=\u00a0\u00bb.vc_custom_1466076386298{margin-bottom: 0px !important;padding-bottom: 0px !important;}\u00a0\u00bb][vc_column]<div id=\"fullwidth-block-69f52808a634f\" class=\"fullwidth-block fullwidth-block-parallax-fixed clearfix\" data-mobile-parallax-enable=\"0\" style=\"padding-top: 45px;padding-bottom: 15px;\"><script type=\"text\/javascript\">if (typeof(gem_fix_fullwidth_position) == \"function\") { gem_fix_fullwidth_position(document.getElementById(\"fullwidth-block-69f52808a634f\")); }<\/script><div class=\"fullwidth-block-background\" style=\"background-image: url(https:\/\/www.createur-video-entreprise.com\/wp-content\/uploads\/2018\/11\/13.jpg);background-repeat: no-repeat; background-size: cover;background-position: center top;\"><\/div><div class=\"fullwidth-block-inner\"><div class=\"clearboth\"><\/div><style>#thegem-divider-69f52808a64a8 {margin-top: 20px !important;}<\/style><div id=\"thegem-divider-69f52808a64a8\" class=\"gem-divider  \" style=\"\" ><\/div>[vc_column_text css_animation=\u00a0\u00bbappear\u00a0\u00bb]<\/p>\n<h2 class=\"title-h2\" style=\"text-align: center;\"><span style=\"color: #ffffff;\"><br \/>\nProduction et r\u00e9alisation de films et vid\u00e9os pour salons professionnels<br \/>\n<\/span><\/h2>\n<p>[\/vc_column_text]<div class=\"clearboth\"><\/div><style>#thegem-divider-69f52808a64dc {margin-top: -11px !important;}<\/style><div id=\"thegem-divider-69f52808a64dc\" class=\"gem-divider  \" style=\"\" ><\/div>[vc_column_text css_animation=\u00a0\u00bbappear\u00a0\u00bb]<\/p>\n<div class=\"styled-subtitle\" style=\"text-align: center;\"><span style=\"color: #ffffff;\">VOUS AVEZ UN PROJET VIDEO ?<br \/>\n<\/span><\/div>\n<p>[\/vc_column_text]<div class=\"clearboth\"><\/div><style>#thegem-divider-69f52808a64fa {margin-top: -5px !important;}<\/style><div id=\"thegem-divider-69f52808a64fa\" class=\"gem-divider  \" style=\"\" ><\/div><style type=\"text\/css\">.thegem-button-69f52808a65e71704.lazy-loading-before-start-animation .lazy-loading-item {opacity: 0;} body.thegem-effects-disabled .thegem-button-69f52808a65e71704.lazy-loading-before-start-animation .lazy-loading-item {opacity: 1;}<\/style><style type=\"text\/css\">.thegem-button-69f52808a65e71704 .gem-button svg {fill: #ffffff;}.thegem-button-69f52808a65e71704 .gem-button:hover svg {fill: #21cee4;}<\/style><div class=\"gem-button-container gem-button-position-center thegem-button-69f52808a65e71704     lazy-loading lazy-loading-before-start-animation\"  ><a class=\"gem-button gem-button-size-medium gem-button-style-outline gem-button-text-weight-normal gem-button-border-3 lazy-loading-item\" data-ll-effect=\"drop-right-without-wrap\" style=\"border-radius: 0px;border-color: #ffffff;color: #ffffff;\" onmouseleave=\"this.style.borderColor='#ffffff';this.style.backgroundColor='transparent';this.style.color='#ffffff';\" onmouseenter=\"this.style.borderColor='#ffffff';this.style.backgroundColor='rgba(255,255,255,0.9)';this.style.color='#21cee4';\" href=\"https:\/\/www.createur-video-entreprise.com\/index.php\/societe-de-production-audiovisuelle\/\" target=\"_self\">NOUS ECRIRE<\/a><\/div> <div class=\"clearboth\"><\/div><style>#thegem-divider-69f52808a663d {margin-top: 20px !important;}<\/style><div id=\"thegem-divider-69f52808a663d\" class=\"gem-divider  \" style=\"\" ><\/div><\/div><\/div>[\/vc_column][\/vc_row][vc_row css=\u00a0\u00bb.vc_custom_1543578605859{margin-top: 0px !important;margin-bottom: 0px !important;padding-top: 0px !important;padding-bottom: 0px !important;}\u00a0\u00bb][vc_column el_class=\u00a0\u00bbcst\u00a0\u00bb css=\u00a0\u00bb.vc_custom_1543578613412{margin-top: 0px !important;margin-bottom: 0px !important;padding-top: 0px !important;padding-bottom: 0px !important;}\u00a0\u00bb]<div id=\"fullwidth-block-69f52808a6d79\" class=\"fullwidth-block fullwidth-block-parallax-fixed clearfix\" data-mobile-parallax-enable=\"0\" style=\"padding-top: 67px;padding-bottom: 27px;\"><script type=\"text\/javascript\">if (typeof(gem_fix_fullwidth_position) == \"function\") { gem_fix_fullwidth_position(document.getElementById(\"fullwidth-block-69f52808a6d79\")); }<\/script><div class=\"fullwidth-block-background\" style=\"background-image: url(https:\/\/www.createur-video-entreprise.com\/wp-content\/uploads\/2020\/02\/blocks-image-114.jpg);background-repeat: no-repeat; background-size: cover;background-position: center top;\"><\/div><div class=\"fullwidth-block-inner\"><div class=\"container\"><div class=\"clearboth\"><\/div><style>#thegem-divider-69f52808a6ede {margin-top: 50px !important;}<\/style><div id=\"thegem-divider-69f52808a6ede\" class=\"gem-divider  \" style=\"\" ><\/div>[vc_column_text css_animation=\u00a0\u00bbtop-to-bottom\u00a0\u00bb]<\/p>\n<h3 class=\"title-h3\" style=\"text-align: center;\"><span style=\"color: #ffffff;\">Captez l&rsquo;attention de vos prospects avec du motion design<\/span><\/h3>\n<p>[\/vc_column_text]<div class=\"clearboth\"><\/div><style>#thegem-divider-69f52808a6f0f {margin-top: -16px !important;}<\/style><div id=\"thegem-divider-69f52808a6f0f\" class=\"gem-divider  \" style=\"\" ><\/div>[vc_column_text css_animation=\u00a0\u00bbtop-to-bottom\u00a0\u00bb]<\/p>\n<h4 class=\"title-h4\" style=\"text-align: center;\"><span style=\"color: #00bcd4;\">Vaud \/ Gen\u00e8ve \/ Neuch\u00e2tel \/ Fribourg<\/span><\/h4>\n<p>[\/vc_column_text]<div class=\"clearboth\"><\/div><style>#thegem-divider-69f52808a6f2c {margin-top: 36px !important;}<\/style><div id=\"thegem-divider-69f52808a6f2c\" class=\"gem-divider  \" style=\"\" ><\/div>[vc_column_text css_animation=\u00a0\u00bbtop-to-bottom\u00a0\u00bb]<\/p>\n<p style=\"text-align: center; max-width: 840px; margin: 0 auto; color: #adafb8;\">la video virale est une technique de plus en plus utilis\u00e9e par les publicitaires,<br \/>\nses vid\u00e9os peuvent \u00eatre utilis\u00e9es lors d&rsquo; un salon, se d\u00e9cliner en spot publicitaire pour une tv, diffus\u00e9e dans un encart publicitaire d&rsquo;un cin\u00e9ma, sur un ipad d&rsquo;un de vos commercial, pr\u00e9sent\u00e9e sur un iphone lors d&rsquo;un repas d&rsquo;affaire, nos vid\u00e9os vous permettront d&rsquo;\u00e9pauler le travail de vos vendeurs.<br \/>\ncette technique ne n\u00e9cessite aucune \u00e9quipe de tournage \u00e0 d\u00e9placer dans votre entreprise, la vid\u00e9o \u00e0 partir de photo permet de faire baisser nettement les co\u00fbts de production.<br \/>\nil vous suffit simplement de nous envoyer quelques photos de votre entreprise ou de vos produits sur notre mail et nous r\u00e9aliseront une vid\u00e9o dynamique.<\/p>\n<p>[\/vc_column_text]<div class=\"clearboth\"><\/div><style>#thegem-divider-69f52808a6f3c {margin-top: 52px !important;}<\/style><div id=\"thegem-divider-69f52808a6f3c\" class=\"gem-divider  \" style=\"\" ><\/div><div class=\"gem-youtube gem-wrapbox gem-wrapbox-style-no-style rounded-corners gem-wrapbox-position-below\" style=\"width: 100%;\"><div class=\"gem-wrapbox-inner gem-ratio-style\" style=\"padding-top: 56.25%\"><iframe class=\"gem-wrapbox-element img-responsive\" width=\"100%\" height=\"300\" allowfullscreen=\"allowfullscreen\" frameborder=\"0\" scrolling=\"no\" marginheight=\"0\" marginwidth=\"0\" src=\"\/\/www.youtube.com\/embed\/6kAltvetwVY?rel=0&amp;wmode=opaque\"><\/iframe><\/div><\/div><div class=\"clearboth\"><\/div><style>#thegem-divider-69f52808a6fb1 {margin-top: 50px !important;}<\/style><div id=\"thegem-divider-69f52808a6fb1\" class=\"gem-divider  \" style=\"\" ><\/div><\/div><\/div><\/div>[\/vc_column][\/vc_row][vc_row full_width=\u00a0\u00bbstretch_row\u00a0\u00bb equal_height=\u00a0\u00bbyes\u00a0\u00bb content_placement=\u00a0\u00bbmiddle\u00a0\u00bb css=\u00a0\u00bb.vc_custom_1543568033992{margin-top: 0px !important;margin-bottom: 0px !important;padding-top: 35px !important;padding-bottom: 55px !important;background-color: #12c6dd !important;}\u00a0\u00bb][vc_column offset=\u00a0\u00bbvc_col-lg-4&Prime;][vc_column_text css_animation=\u00a0\u00bbbottom-to-top\u00a0\u00bb]<\/p>\n<h4 class=\"title-h4\" style=\"text-align: center;\"><span style=\"color: #ffffff;\">Besoin d&rsquo;aide ?<\/span><\/h4>\n<p>[\/vc_column_text][\/vc_column][vc_column offset=\u00a0\u00bbvc_col-lg-5&Prime;][vc_column_text css_animation=\u00a0\u00bbbottom-to-top\u00a0\u00bb]<\/p>\n<div style=\"text-align: center;\"><span style=\"color: #ffffff;\">Vous souhaitez r\u00e9aliser une vid\u00e9o pour <a href=\"https:\/\/www.createur-video-entreprise.com\/index.php\/referencement\/avoir-beaucoup-de-vues-sur-ma-video\/\">Youtube<\/a>, vos r\u00e9seaux sociaux ou votre site <a href=\"https:\/\/www.createur-video-entreprise.com\/index.php\/films-pour-entreprises\/ameliorer-sa-presence-sur-le-web\/\">web<\/a>, appelez nous, nous vous conseilleront et vous accompagneront dans votre projet.<\/span><\/div>\n<p>[\/vc_column_text][\/vc_column][vc_column offset=\u00a0\u00bbvc_col-lg-3&Prime;]<div class=\"clearboth\"><\/div><style>#thegem-divider-69f52808a6ff0 {margin-top: -18px !important;}<\/style><div id=\"thegem-divider-69f52808a6ff0\" class=\"gem-divider  \" style=\"\" ><\/div><style type=\"text\/css\">.thegem-button-69f52808a70f37478.lazy-loading-before-start-animation .lazy-loading-item {opacity: 0;} body.thegem-effects-disabled .thegem-button-69f52808a70f37478.lazy-loading-before-start-animation .lazy-loading-item {opacity: 1;}<\/style><style type=\"text\/css\">.thegem-button-69f52808a70f37478 .gem-button svg {fill: #ffffff;}.thegem-button-69f52808a70f37478 .gem-button:hover svg {fill: #00bcd4;}<\/style><div class=\"gem-button-container gem-button-position-center thegem-button-69f52808a70f37478     lazy-loading lazy-loading-before-start-animation\"  ><a class=\"gem-button gem-button-size-medium gem-button-style-outline gem-button-text-weight-normal gem-button-border-3 lazy-loading-item\" data-ll-effect=\"drop-right-without-wrap\" style=\"border-radius: 0px;border-color: #ffffff;color: #ffffff;\" onmouseleave=\"this.style.borderColor='#ffffff';this.style.backgroundColor='transparent';this.style.color='#ffffff';\" onmouseenter=\"this.style.borderColor='#ffffff';this.style.backgroundColor='#ffffff';this.style.color='#00bcd4';\" href=\"https:\/\/www.createur-video-entreprise.com\/index.php\/societe-de-production-audiovisuelle\/\" target=\"_self\">Posez nous votre question<\/a><\/div> [\/vc_column][\/vc_row][vc_row][vc_column width=\u00a0\u00bb1\/2&Prime;][vc_column_text]\t\t\t<div id=\"rank-math-rich-snippet-wrapper\" class=\"\">\n\n\t\t\t\t\t\t<h5 class=\"rank-math-title\">Motion design - Animation 3D - 2D - Vid\u00e9o pour salon -<\/h5>\n\t\t\t\t<div class=\"rank-math-review-image\">\n\t\t\t<img src=\"https:\/\/www.createur-video-entreprise.com\/wp-content\/uploads\/2020\/11\/creation-video-et-film-pour-entreprise-300x142.jpg\" \/>\n\t\t<\/div>\n\t\t<div class=\"rank-math-review-data\">\n\n\t\t\t<p>R\u00e9aliser du motion design pour attirer l\u2019attention de vos visiteurs lors d'un salon ou une exposition, la vid\u00e9o 2 et 3D aura un impact positif sur vos prospects<\/p>\n\t\t\n\t\t\t<p>\n\t\t\t<strong>Type de service: <\/strong>\n\t\t\tMotion design\t\t<\/p>\n\t\t\n\t\t\t<p>\n\t\t\t<strong>Prix: <\/strong>\n\t\t\tD\u00e9s 300.-\t\t<\/p>\n\t\t\n\t\t\t<p>\n\t\t\t<strong>Devise: <\/strong>\n\t\t\tCHF\t\t<\/p>\n\t\t\n<\/div>\n\n\t\t\t<\/div>\n\t\t[\/vc_column_text][\/vc_column][vc_column width=\u00a0\u00bb1\/4&Prime;][vc_column_text]<\/p>\n<h5>Nos services<\/h5>\n<ul>\n<li><a href=\"https:\/\/www.createur-video-entreprise.com\/index.php\/film-pour-entreprise\/\">Film d&rsquo;entreprise <\/a><\/li>\n<li><a href=\"https:\/\/www.createur-video-entreprise.com\/index.php\/prise-de-vue-aerienne-par-drone\/\">Prise de vue a\u00e9rienne<\/a><\/li>\n<li><a href=\"https:\/\/www.createur-video-entreprise.com\/index.php\/video-pour-salon-et-exposition\/\">Motion design<\/a><\/li>\n<li><a href=\"https:\/\/www.createur-video-entreprise.com\/index.php\/film-promotionnel-tourisme-region\/\">Film promotionnel<\/a><\/li>\n<li><a href=\"https:\/\/www.createur-video-entreprise.com\/index.php\/realisation-film-pour-hotel-2\/\">Film pour h\u00f4tel<\/a><\/li>\n<li><a href=\"https:\/\/www.createur-video-entreprise.com\/index.php\/creation-site-internet\/\">Cr\u00e9ation de site internet<\/a><\/li>\n<\/ul>\n<p>[\/vc_column_text][\/vc_column][vc_column width=\u00a0\u00bb1\/4&Prime;][vc_column_text]<\/p>\n<h5>contacts<\/h5>\n<ul>\n<li class=\"rank-math-contact-section rank-math-contact-address\"><label><strong>Adresse<\/strong> : <a href=\"https:\/\/goo.gl\/maps\/8Ji6A7UREvAGm1i4A\" target=\"_blank\" rel=\"noopener\"><span class=\"contact-address-address\">Treysala 20<\/span> <span class=\"contact-address-locality\">Yvonad<\/span>, <span class=\"contact-address-region\">Vaud<\/span> <span class=\"contact-address-postalcode\">1462<\/span><\/a><\/label><\/li>\n<li class=\"rank-math-contact-section rank-math-contact-hours\"><label><strong>Horaires d&rsquo;oucerture<\/strong> : <span class=\"rank-math-opening-days\">lundi, mardi, mercredi, jeudi, vendredi, <strong>8h30 \u00e0 19h30<\/strong><br \/>\nsamedi, dimanche 9h<\/span><strong><span class=\"rank-math-opening-time\"> \u2013 15h<\/span><\/strong><\/label><\/li>\n<li class=\"rank-math-contact-section rank-math-contact-hours\"><label><strong>Nous appeler<\/strong> :<\/label> <a href=\"tel:\/\/+41775048559\" target=\"_blank\" rel=\"noopener noreferrer\">+41775048559<\/a><\/li>\n<\/ul>\n<p>[\/vc_column_text][\/vc_column][\/vc_row]<\/p>\n<\/div>","protected":false},"excerpt":{"rendered":"<p>[vc_row full_width=\u00a0\u00bbstretch_row_content\u00a0\u00bb equal_height=\u00a0\u00bbyes\u00a0\u00bb css=\u00a0\u00bb.vc_custom_1466595024471{margin-bottom: 0px !important;padding-bottom: 0px !important;}\u00a0\u00bb][vc_column css=\u00a0\u00bb.vc_custom_1604831434065{background-image: url(https:\/\/www.createur-video-entreprise.com\/wp-content\/uploads\/2020\/11\/creation-video-pour-entreprises.jpg?id=7096) !important;background-position: center !important;background-repeat: no-repeat !important;background-size: cover !important;}\u00a0\u00bb offset=\u00a0\u00bbvc_col-lg-6 vc_col-md-6&Prime;][vc_row_inner equal_height=\u00a0\u00bbyes\u00a0\u00bb][vc_column_inner&#8230;<\/p>\n","protected":false},"author":1,"featured_media":0,"parent":0,"menu_order":0,"comment_status":"closed","ping_status":"closed","template":"","meta":{"footnotes":""},"class_list":["post-7277","page","type-page","status-publish"],"_links":{"self":[{"href":"https:\/\/www.createur-video-entreprise.com\/index.php\/wp-json\/wp\/v2\/pages\/7277","targetHints":{"allow":["GET"]}}],"collection":[{"href":"https:\/\/www.createur-video-entreprise.com\/index.php\/wp-json\/wp\/v2\/pages"}],"about":[{"href":"https:\/\/www.createur-video-entreprise.com\/index.php\/wp-json\/wp\/v2\/types\/page"}],"author":[{"embeddable":true,"href":"https:\/\/www.createur-video-entreprise.com\/index.php\/wp-json\/wp\/v2\/users\/1"}],"replies":[{"embeddable":true,"href":"https:\/\/www.createur-video-entreprise.com\/index.php\/wp-json\/wp\/v2\/comments?post=7277"}],"version-history":[{"count":0,"href":"https:\/\/www.createur-video-entreprise.com\/index.php\/wp-json\/wp\/v2\/pages\/7277\/revisions"}],"wp:attachment":[{"href":"https:\/\/www.createur-video-entreprise.com\/index.php\/wp-json\/wp\/v2\/media?parent=7277"}],"curies":[{"name":"wp","href":"https:\/\/api.w.org\/{rel}","templated":true}]}}